{"id":86,"date":"2019-02-14T18:18:28","date_gmt":"2019-02-14T18:18:28","guid":{"rendered":"https:\/\/www.laconciergeriederetz.fr\/?page_id=86"},"modified":"2025-03-18T18:46:53","modified_gmt":"2025-03-18T18:46:53","slug":"a-propos","status":"publish","type":"page","link":"https:\/\/www.laconciergeriederetz.fr\/index.php\/a-propos\/","title":{"rendered":"\u00c0 propos"},"content":{"rendered":"\t\t<div data-elementor-type=\"post\" data-elementor-id=\"86\" class=\"elementor elementor-86\" data-elementor-settings=\"[]\">\n\t\t\t<div class=\"elementor-inner\">\n\t\t\t\t<div class=\"elementor-section-wrap\">\n\t\t\t\t\t\t\t<section class=\"elementor-element elementor-element-c8c821a elementor-section-boxed elementor-section-height-default elementor-section-height-default elementor-section elementor-top-section\" data-id=\"c8c821a\" data-element_type=\"section\">\n\t\t\t\t\t\t<div class=\"elementor-container elementor-column-gap-default\">\n\t\t\t\t<div class=\"elementor-row\">\n\t\t\t\t<div class=\"elementor-element elementor-element-0ee37a2 elementor-column elementor-col-100 elementor-top-column\" data-id=\"0ee37a2\" data-element_type=\"column\">\n\t\t\t<div class=\"elementor-column-wrap  elementor-element-populated\">\n\t\t\t\t\t<div class=\"elementor-widget-wrap\">\n\t\t\t\t<div class=\"elementor-element elementor-element-356fdde elementor-widget elementor-widget-text-editor\" data-id=\"356fdde\" data-element_type=\"widget\" data-widget_type=\"text-editor.default\">\n\t\t\t\t<div class=\"elementor-widget-container\">\n\t\t\t\t\t<div class=\"elementor-text-editor elementor-clearfix\"><h1>La conciergerie<\/h1><\/div>\n\t\t\t\t<\/div>\n\t\t\t\t<\/div>\n\t\t\t\t\t\t<\/div>\n\t\t\t<\/div>\n\t\t<\/div>\n\t\t\t\t\t\t<\/div>\n\t\t\t<\/div>\n\t\t<\/section>\n\t\t\t\t<section class=\"elementor-element elementor-element-370fe38 elementor-section-boxed elementor-section-height-default elementor-section-height-default elementor-section elementor-top-section\" data-id=\"370fe38\" data-element_type=\"section\">\n\t\t\t\t\t\t<div class=\"elementor-container elementor-column-gap-default\">\n\t\t\t\t<div class=\"elementor-row\">\n\t\t\t\t<div class=\"elementor-element elementor-element-a5eb186 elementor-column elementor-col-100 elementor-top-column\" data-id=\"a5eb186\" data-element_type=\"column\">\n\t\t\t<div class=\"elementor-column-wrap  elementor-element-populated\">\n\t\t\t\t\t<div class=\"elementor-widget-wrap\">\n\t\t\t\t<div class=\"elementor-element elementor-element-1a64431 elementor-widget elementor-widget-text-editor\" data-id=\"1a64431\" data-element_type=\"widget\" data-widget_type=\"text-editor.default\">\n\t\t\t\t<div class=\"elementor-widget-container\">\n\t\t\t\t\t<div class=\"elementor-text-editor elementor-clearfix\"><h2><span class=\"s2\" style=\"font-variant-ligatures: no-common-ligatures;\">Nos points forts<\/span><\/h2><ul><li><span class=\"s2\" style=\"font-variant-ligatures: no-common-ligatures;\">Proximit\u00e9 : notre \u00e9quipe habite Pornic \u00e0 l\u2019ann\u00e9e<\/span><\/li><li><span class=\"s2\" style=\"font-variant-ligatures: no-common-ligatures;\">Equipe de m\u00e9nage fid\u00e9lis\u00e9e connaissant bien les logements , travail soign\u00e9<\/span><\/li><li><span class=\"s2\" style=\"font-variant-ligatures: no-common-ligatures;\">R\u00e9activit\u00e9 : nous mettons un point d\u2019honneur \u00e0 r\u00e9pondre rapidement<span class=\"Apple-converted-space\">\u00a0 <\/span>aux propri\u00e9taires et locataires<\/span><\/li><\/ul><\/div>\n\t\t\t\t<\/div>\n\t\t\t\t<\/div>\n\t\t\t\t\t\t<\/div>\n\t\t\t<\/div>\n\t\t<\/div>\n\t\t\t\t\t\t<\/div>\n\t\t\t<\/div>\n\t\t<\/section>\n\t\t\t\t<section class=\"elementor-element elementor-element-1e0f235 elementor-section-content-middle elementor-section-boxed elementor-section-height-default elementor-section-height-default elementor-section elementor-top-section\" data-id=\"1e0f235\" data-element_type=\"section\">\n\t\t\t\t\t\t<div class=\"elementor-container elementor-column-gap-wide\">\n\t\t\t\t<div class=\"elementor-row\">\n\t\t\t\t<div class=\"elementor-element elementor-element-6ec6325 elementor-column elementor-col-66 elementor-top-column\" data-id=\"6ec6325\" data-element_type=\"column\">\n\t\t\t<div class=\"elementor-column-wrap  elementor-element-populated\">\n\t\t\t\t\t<div class=\"elementor-widget-wrap\">\n\t\t\t\t<div class=\"elementor-element elementor-element-22f9dad elementor-widget elementor-widget-text-editor\" data-id=\"22f9dad\" data-element_type=\"widget\" data-widget_type=\"text-editor.default\">\n\t\t\t\t<div class=\"elementor-widget-container\">\n\t\t\t\t\t<div class=\"elementor-text-editor elementor-clearfix\"><div><h2><span style=\"font-variant-ligatures: no-common-ligatures;\">Nos valeurs<\/span><\/h2><\/div><ul><li><span style=\"font-variant-ligatures: no-common-ligatures;\">Parce que j\u2019aime la nature et souhaite la prot\u00e9ger, j\u2019\u0153uvre chaque jour dans ce sens. Je me d\u00e9place en v\u00e9lo (dans la mesure du possible). J\u2019encourage l\u2019utilisation de produits de nettoyage biologiques et naturels (souvent plus \u00e9conomiques). Je souhaite \u00e9galement sensibiliser les vacanciers \u00e0 un comportement \u00e9co responsable (tri des d\u00e9chets, respect des balades balis\u00e9es, achat de produits locaux, \u2026).\u00a0<\/span><\/li><li><span style=\"font-variant-ligatures: no-common-ligatures;\">Ayant le sens du partage, je communique naturellement mes bonnes adresses que ce soit pour les loisirs (restaurants, bars, activit\u00e9s) et \u00e9galement pour l\u2019entretien des maisons (artisans, entreprises diverses).\u00a0<\/span><\/li><\/ul><\/div>\n\t\t\t\t<\/div>\n\t\t\t\t<\/div>\n\t\t\t\t\t\t<\/div>\n\t\t\t<\/div>\n\t\t<\/div>\n\t\t\t\t<div class=\"elementor-element elementor-element-40ca8a8 elementor-column elementor-col-33 elementor-top-column\" data-id=\"40ca8a8\" data-element_type=\"column\">\n\t\t\t<div class=\"elementor-column-wrap  elementor-element-populated\">\n\t\t\t\t\t<div class=\"elementor-widget-wrap\">\n\t\t\t\t<div class=\"elementor-element elementor-element-a8a2b3b elementor-widget elementor-widget-image\" data-id=\"a8a2b3b\" data-element_type=\"widget\" data-widget_type=\"image.default\">\n\t\t\t\t<div class=\"elementor-widget-container\">\n\t\t\t\t\t<div class=\"elementor-image\">\n\t\t\t\t\t\t\t\t\t\t<img width=\"630\" height=\"1110\" src=\"https:\/\/www.laconciergeriederetz.fr\/wp-content\/uploads\/2025\/03\/Capture-de\u0301cran-2025-03-18-a\u0300-15.42.45.png\" class=\"attachment-full size-full\" alt=\"\" decoding=\"async\" loading=\"lazy\" srcset=\"https:\/\/www.laconciergeriederetz.fr\/wp-content\/uploads\/2025\/03\/Capture-de\u0301cran-2025-03-18-a\u0300-15.42.45.png 630w, https:\/\/www.laconciergeriederetz.fr\/wp-content\/uploads\/2025\/03\/Capture-de\u0301cran-2025-03-18-a\u0300-15.42.45-170x300.png 170w, https:\/\/www.laconciergeriederetz.fr\/wp-content\/uploads\/2025\/03\/Capture-de\u0301cran-2025-03-18-a\u0300-15.42.45-581x1024.png 581w\" sizes=\"(max-width: 630px) 100vw, 630px\" \/>\t\t\t\t\t\t\t\t\t\t\t<\/div>\n\t\t\t\t<\/div>\n\t\t\t\t<\/div>\n\t\t\t\t\t\t<\/div>\n\t\t\t<\/div>\n\t\t<\/div>\n\t\t\t\t\t\t<\/div>\n\t\t\t<\/div>\n\t\t<\/section>\n\t\t\t\t<section class=\"elementor-element elementor-element-37e91d9 elementor-section-boxed elementor-section-height-default elementor-section-height-default elementor-section elementor-top-section\" data-id=\"37e91d9\" data-element_type=\"section\">\n\t\t\t\t\t\t<div class=\"elementor-container elementor-column-gap-default\">\n\t\t\t\t<div class=\"elementor-row\">\n\t\t\t\t<div class=\"elementor-element elementor-element-d2e56bc elementor-column elementor-col-100 elementor-top-column\" data-id=\"d2e56bc\" data-element_type=\"column\">\n\t\t\t<div class=\"elementor-column-wrap  elementor-element-populated\">\n\t\t\t\t\t<div class=\"elementor-widget-wrap\">\n\t\t\t\t<div class=\"elementor-element elementor-element-7082230 elementor-widget elementor-widget-divider\" data-id=\"7082230\" data-element_type=\"widget\" data-widget_type=\"divider.default\">\n\t\t\t\t<div class=\"elementor-widget-container\">\n\t\t\t\t\t<div class=\"elementor-divider\">\n\t\t\t<span class=\"elementor-divider-separator\"><\/span>\n\t\t<\/div>\n\t\t\t\t<\/div>\n\t\t\t\t<\/div>\n\t\t\t\t\t\t<\/div>\n\t\t\t<\/div>\n\t\t<\/div>\n\t\t\t\t\t\t<\/div>\n\t\t\t<\/div>\n\t\t<\/section>\n\t\t\t\t<section class=\"elementor-element elementor-element-b4e0ddf elementor-section-boxed elementor-section-height-default elementor-section-height-default elementor-section elementor-top-section\" data-id=\"b4e0ddf\" data-element_type=\"section\">\n\t\t\t\t\t\t<div class=\"elementor-container elementor-column-gap-default\">\n\t\t\t\t<div class=\"elementor-row\">\n\t\t\t\t<div class=\"elementor-element elementor-element-dcf83d4 elementor-column elementor-col-100 elementor-top-column\" data-id=\"dcf83d4\" data-element_type=\"column\">\n\t\t\t<div class=\"elementor-column-wrap  elementor-element-populated\">\n\t\t\t\t\t<div class=\"elementor-widget-wrap\">\n\t\t\t\t<div class=\"elementor-element elementor-element-5c262e6 elementor-widget elementor-widget-text-editor\" data-id=\"5c262e6\" data-element_type=\"widget\" data-widget_type=\"text-editor.default\">\n\t\t\t\t<div class=\"elementor-widget-container\">\n\t\t\t\t\t<div class=\"elementor-text-editor elementor-clearfix\"><h1>Isabelle\u00a0<\/h1><\/div>\n\t\t\t\t<\/div>\n\t\t\t\t<\/div>\n\t\t\t\t\t\t<\/div>\n\t\t\t<\/div>\n\t\t<\/div>\n\t\t\t\t\t\t<\/div>\n\t\t\t<\/div>\n\t\t<\/section>\n\t\t\t\t<section class=\"elementor-element elementor-element-ff78b31 elementor-section-content-middle elementor-section-boxed elementor-section-height-default elementor-section-height-default elementor-section elementor-top-section\" data-id=\"ff78b31\" data-element_type=\"section\">\n\t\t\t\t\t\t<div class=\"elementor-container elementor-column-gap-extended\">\n\t\t\t\t<div class=\"elementor-row\">\n\t\t\t\t<div class=\"elementor-element elementor-element-4f414cf elementor-column elementor-col-50 elementor-top-column\" data-id=\"4f414cf\" data-element_type=\"column\">\n\t\t\t<div class=\"elementor-column-wrap  elementor-element-populated\">\n\t\t\t\t\t<div class=\"elementor-widget-wrap\">\n\t\t\t\t<div class=\"elementor-element elementor-element-7022d04 elementor-widget elementor-widget-image\" data-id=\"7022d04\" data-element_type=\"widget\" data-widget_type=\"image.default\">\n\t\t\t\t<div class=\"elementor-widget-container\">\n\t\t\t\t\t<div class=\"elementor-image\">\n\t\t\t\t\t\t\t\t\t\t<img width=\"856\" height=\"806\" src=\"https:\/\/www.laconciergeriederetz.fr\/wp-content\/uploads\/2025\/02\/Capture-de\u0301cran-2025-02-17-a\u0300-14.22.27.png\" class=\"attachment-large size-large\" alt=\"\" decoding=\"async\" loading=\"lazy\" srcset=\"https:\/\/www.laconciergeriederetz.fr\/wp-content\/uploads\/2025\/02\/Capture-de\u0301cran-2025-02-17-a\u0300-14.22.27.png 856w, https:\/\/www.laconciergeriederetz.fr\/wp-content\/uploads\/2025\/02\/Capture-de\u0301cran-2025-02-17-a\u0300-14.22.27-300x282.png 300w, https:\/\/www.laconciergeriederetz.fr\/wp-content\/uploads\/2025\/02\/Capture-de\u0301cran-2025-02-17-a\u0300-14.22.27-768x723.png 768w\" sizes=\"(max-width: 856px) 100vw, 856px\" \/>\t\t\t\t\t\t\t\t\t\t\t<\/div>\n\t\t\t\t<\/div>\n\t\t\t\t<\/div>\n\t\t\t\t\t\t<\/div>\n\t\t\t<\/div>\n\t\t<\/div>\n\t\t\t\t<div class=\"elementor-element elementor-element-f8adb82 elementor-column elementor-col-50 elementor-top-column\" data-id=\"f8adb82\" data-element_type=\"column\">\n\t\t\t<div class=\"elementor-column-wrap  elementor-element-populated\">\n\t\t\t\t\t<div class=\"elementor-widget-wrap\">\n\t\t\t\t<div class=\"elementor-element elementor-element-651a7a6 elementor-widget elementor-widget-text-editor\" data-id=\"651a7a6\" data-element_type=\"widget\" data-widget_type=\"text-editor.default\">\n\t\t\t\t<div class=\"elementor-widget-container\">\n\t\t\t\t\t<div class=\"elementor-text-editor elementor-clearfix\"><p><span style=\"color: #808080;\"><span style=\"font-variant-ligatures: no-common-ligatures; font-family: Helvetica; font-size: 18px; -webkit-text-stroke-color: #000000; background-color: var(--wp--preset--color--raft-bg);\">\u00ab\u00a0J\u2019ai d\u00e9cid\u00e9 de m\u2019\u00e9loigner de la vie nantaise et de me rapprocher de la mer en ce beau pays de Retz. Quoi de plus logique pour une brestoise d\u2019origine. Ayant de l\u2019exp\u00e9rience dans la gestion locative, une formation commerciale et administrative, un anglais courant, un tr\u00e8s bon relationnel, une bonne organisation et de la r\u00e9activit\u00e9, de la ponctualit\u00e9, l\u2019id\u00e9e d\u2019ouvrir une conciergerie s\u2019est faite d\u2019une fa\u00e7on naturelle. La Conciergerie de Retz existe depuis 2019.\u00bb<\/span><\/span><\/p><p><span style=\"color: #808080;\"><span style=\"font-variant-ligatures: no-common-ligatures; font-family: Helvetica; font-size: 17px; -webkit-text-stroke-color: #000000; background-color: var(--wp--preset--color--raft-bg);\"> <em>Isabelle, Cr\u00e9atrice de la Conciergerie de Retz\u200b<\/em><\/span><\/span><\/p><\/div>\n\t\t\t\t<\/div>\n\t\t\t\t<\/div>\n\t\t\t\t\t\t<\/div>\n\t\t\t<\/div>\n\t\t<\/div>\n\t\t\t\t\t\t<\/div>\n\t\t\t<\/div>\n\t\t<\/section>\n\t\t\t\t\t\t<\/div>\n\t\t\t<\/div>\n\t\t<\/div>\n\t\t","protected":false},"excerpt":{"rendered":"<p>La conciergerie Nos points forts Proximit\u00e9 : notre \u00e9quipe habite Pornic \u00e0 l\u2019ann\u00e9e Equipe de m\u00e9nage fid\u00e9lis\u00e9e connaissant bien les logements , travail soign\u00e9 R\u00e9activit\u00e9 : nous mettons un point d\u2019honneur \u00e0 r\u00e9pondre rapidement\u00a0 aux propri\u00e9taires et locataires Nos valeurs Parce que j\u2019aime la nature et souhaite la prot\u00e9ger, j\u2019\u0153uvre chaque jour dans ce sens. [&hellip;]<\/p>\n","protected":false},"author":1,"featured_media":0,"parent":0,"menu_order":0,"comment_status":"closed","ping_status":"closed","template":"","meta":[],"aioseo_notices":[],"_links":{"self":[{"href":"https:\/\/www.laconciergeriederetz.fr\/index.php\/wp-json\/wp\/v2\/pages\/86"}],"collection":[{"href":"https:\/\/www.laconciergeriederetz.fr\/index.php\/wp-json\/wp\/v2\/pages"}],"about":[{"href":"https:\/\/www.laconciergeriederetz.fr\/index.php\/wp-json\/wp\/v2\/types\/page"}],"author":[{"embeddable":true,"href":"https:\/\/www.laconciergeriederetz.fr\/index.php\/wp-json\/wp\/v2\/users\/1"}],"replies":[{"embeddable":true,"href":"https:\/\/www.laconciergeriederetz.fr\/index.php\/wp-json\/wp\/v2\/comments?post=86"}],"version-history":[{"count":50,"href":"https:\/\/www.laconciergeriederetz.fr\/index.php\/wp-json\/wp\/v2\/pages\/86\/revisions"}],"predecessor-version":[{"id":628,"href":"https:\/\/www.laconciergeriederetz.fr\/index.php\/wp-json\/wp\/v2\/pages\/86\/revisions\/628"}],"wp:attachment":[{"href":"https:\/\/www.laconciergeriederetz.fr\/index.php\/wp-json\/wp\/v2\/media?parent=86"}],"curies":[{"name":"wp","href":"https:\/\/api.w.org\/{rel}","templated":true}]}}