{"id":51,"date":"2019-02-11T16:15:33","date_gmt":"2019-02-11T16:15:33","guid":{"rendered":"https:\/\/www.laconciergeriederetz.fr\/?page_id=51"},"modified":"2025-03-04T15:01:44","modified_gmt":"2025-03-04T15:01:44","slug":"contact","status":"publish","type":"page","link":"https:\/\/www.laconciergeriederetz.fr\/index.php\/contact\/","title":{"rendered":"Contact"},"content":{"rendered":"\t\t<div data-elementor-type=\"post\" data-elementor-id=\"51\" class=\"elementor elementor-51\" data-elementor-settings=\"[]\">\n\t\t\t<div class=\"elementor-inner\">\n\t\t\t\t<div class=\"elementor-section-wrap\">\n\t\t\t\t\t\t\t<section class=\"elementor-element elementor-element-6d0e348 elementor-section-boxed elementor-section-height-default elementor-section-height-default elementor-section elementor-top-section\" data-id=\"6d0e348\" data-element_type=\"section\">\n\t\t\t\t\t\t<div class=\"elementor-container elementor-column-gap-default\">\n\t\t\t\t<div class=\"elementor-row\">\n\t\t\t\t<div class=\"elementor-element elementor-element-5b2a0ce elementor-column elementor-col-100 elementor-top-column\" data-id=\"5b2a0ce\" data-element_type=\"column\">\n\t\t\t<div class=\"elementor-column-wrap  elementor-element-populated\">\n\t\t\t\t\t<div class=\"elementor-widget-wrap\">\n\t\t\t\t<div class=\"elementor-element elementor-element-9059494 elementor-widget elementor-widget-spacer\" data-id=\"9059494\" data-element_type=\"widget\" data-widget_type=\"spacer.default\">\n\t\t\t\t<div class=\"elementor-widget-container\">\n\t\t\t\t\t<div class=\"elementor-spacer\">\n\t\t\t<div class=\"elementor-spacer-inner\"><\/div>\n\t\t<\/div>\n\t\t\t\t<\/div>\n\t\t\t\t<\/div>\n\t\t\t\t\t\t<\/div>\n\t\t\t<\/div>\n\t\t<\/div>\n\t\t\t\t\t\t<\/div>\n\t\t\t<\/div>\n\t\t<\/section>\n\t\t\t\t<section class=\"elementor-element elementor-element-1ebfaec elementor-section-boxed elementor-section-height-default elementor-section-height-default elementor-section elementor-top-section\" data-id=\"1ebfaec\" data-element_type=\"section\">\n\t\t\t\t\t\t<div class=\"elementor-container elementor-column-gap-default\">\n\t\t\t\t<div class=\"elementor-row\">\n\t\t\t\t<div class=\"elementor-element elementor-element-ed69de4 elementor-column elementor-col-100 elementor-top-column\" data-id=\"ed69de4\" data-element_type=\"column\">\n\t\t\t<div class=\"elementor-column-wrap  elementor-element-populated\">\n\t\t\t\t\t<div class=\"elementor-widget-wrap\">\n\t\t\t\t<div class=\"elementor-element elementor-element-d5779c4 elementor-widget elementor-widget-text-editor\" data-id=\"d5779c4\" data-element_type=\"widget\" data-widget_type=\"text-editor.default\">\n\t\t\t\t<div class=\"elementor-widget-container\">\n\t\t\t\t\t<div class=\"elementor-text-editor elementor-clearfix\"><p style=\"text-align: center;\">Nous adaptons nos services \u00e0 votre bien et \u00e0 vos besoins. Contactez-nous pour en savoir plus sur nos tarifs et prestations.<\/p><\/div>\n\t\t\t\t<\/div>\n\t\t\t\t<\/div>\n\t\t\t\t\t\t<\/div>\n\t\t\t<\/div>\n\t\t<\/div>\n\t\t\t\t\t\t<\/div>\n\t\t\t<\/div>\n\t\t<\/section>\n\t\t\t\t<section class=\"elementor-element elementor-element-1626af32 animated-fast elementor-section-content-middle elementor-section-boxed elementor-section-height-default elementor-section-height-default elementor-invisible elementor-section elementor-top-section\" data-id=\"1626af32\" data-element_type=\"section\" data-settings=\"{&quot;animation&quot;:&quot;fadeInUp&quot;,&quot;animation_delay&quot;:0}\">\n\t\t\t\t\t\t<div class=\"elementor-container elementor-column-gap-default\">\n\t\t\t\t<div class=\"elementor-row\">\n\t\t\t\t<div class=\"elementor-element elementor-element-7a07e00b elementor-column elementor-col-66 elementor-top-column\" data-id=\"7a07e00b\" data-element_type=\"column\">\n\t\t\t<div class=\"elementor-column-wrap  elementor-element-populated\">\n\t\t\t\t\t<div class=\"elementor-widget-wrap\">\n\t\t\t\t<div class=\"elementor-element elementor-element-99daaaa elementor-widget elementor-widget-text-editor\" data-id=\"99daaaa\" data-element_type=\"widget\" data-widget_type=\"text-editor.default\">\n\t\t\t\t<div class=\"elementor-widget-container\">\n\t\t\t\t\t<div class=\"elementor-text-editor elementor-clearfix\"><h2>Coordonn\u00e9es:<\/h2><ul><li><strong>E-mail :<\/strong>\u00a0contact@laconciergeriederetz.fr<\/li><li><strong>Tel :<\/strong>\u00a006 24 63 76 80<\/li><li><strong>Adresse :<\/strong>\u00a0PORNIC<\/li><\/ul><\/div>\n\t\t\t\t<\/div>\n\t\t\t\t<\/div>\n\t\t\t\t\t\t<\/div>\n\t\t\t<\/div>\n\t\t<\/div>\n\t\t\t\t<div class=\"elementor-element elementor-element-479bf10 elementor-column elementor-col-33 elementor-top-column\" data-id=\"479bf10\" data-element_type=\"column\">\n\t\t\t<div class=\"elementor-column-wrap  elementor-element-populated\">\n\t\t\t\t\t<div class=\"elementor-widget-wrap\">\n\t\t\t\t<div class=\"elementor-element elementor-element-13ece1b elementor-widget elementor-widget-image\" data-id=\"13ece1b\" data-element_type=\"widget\" data-widget_type=\"image.default\">\n\t\t\t\t<div class=\"elementor-widget-container\">\n\t\t\t\t\t<div class=\"elementor-image\">\n\t\t\t\t\t\t\t\t\t\t<img width=\"1024\" height=\"683\" src=\"https:\/\/www.laconciergeriederetz.fr\/wp-content\/uploads\/2025\/02\/MG_8637-edited-1024x683.jpg\" class=\"attachment-large size-large\" alt=\"\" decoding=\"async\" loading=\"lazy\" srcset=\"https:\/\/www.laconciergeriederetz.fr\/wp-content\/uploads\/2025\/02\/MG_8637-edited-1024x683.jpg 1024w, https:\/\/www.laconciergeriederetz.fr\/wp-content\/uploads\/2025\/02\/MG_8637-edited-300x200.jpg 300w, https:\/\/www.laconciergeriederetz.fr\/wp-content\/uploads\/2025\/02\/MG_8637-edited-768x512.jpg 768w, https:\/\/www.laconciergeriederetz.fr\/wp-content\/uploads\/2025\/02\/MG_8637-edited-1536x1024.jpg 1536w, https:\/\/www.laconciergeriederetz.fr\/wp-content\/uploads\/2025\/02\/MG_8637-edited-2048x1366.jpg 2048w\" sizes=\"(max-width: 1024px) 100vw, 1024px\" \/>\t\t\t\t\t\t\t\t\t\t\t<\/div>\n\t\t\t\t<\/div>\n\t\t\t\t<\/div>\n\t\t\t\t\t\t<\/div>\n\t\t\t<\/div>\n\t\t<\/div>\n\t\t\t\t\t\t<\/div>\n\t\t\t<\/div>\n\t\t<\/section>\n\t\t\t\t\t\t<\/div>\n\t\t\t<\/div>\n\t\t<\/div>\n\t\t","protected":false},"excerpt":{"rendered":"<p>Nous adaptons nos services \u00e0 votre bien et \u00e0 vos besoins. Contactez-nous pour en savoir plus sur nos tarifs et prestations. Coordonn\u00e9es: E-mail :\u00a0contact@laconciergeriederetz.fr Tel :\u00a006 24 63 76 80 Adresse :\u00a0PORNIC<\/p>\n","protected":false},"author":1,"featured_media":0,"parent":0,"menu_order":0,"comment_status":"closed","ping_status":"closed","template":"template-plain","meta":[],"aioseo_notices":[],"_links":{"self":[{"href":"https:\/\/www.laconciergeriederetz.fr\/index.php\/wp-json\/wp\/v2\/pages\/51"}],"collection":[{"href":"https:\/\/www.laconciergeriederetz.fr\/index.php\/wp-json\/wp\/v2\/pages"}],"about":[{"href":"https:\/\/www.laconciergeriederetz.fr\/index.php\/wp-json\/wp\/v2\/types\/page"}],"author":[{"embeddable":true,"href":"https:\/\/www.laconciergeriederetz.fr\/index.php\/wp-json\/wp\/v2\/users\/1"}],"replies":[{"embeddable":true,"href":"https:\/\/www.laconciergeriederetz.fr\/index.php\/wp-json\/wp\/v2\/comments?post=51"}],"version-history":[{"count":20,"href":"https:\/\/www.laconciergeriederetz.fr\/index.php\/wp-json\/wp\/v2\/pages\/51\/revisions"}],"predecessor-version":[{"id":563,"href":"https:\/\/www.laconciergeriederetz.fr\/index.php\/wp-json\/wp\/v2\/pages\/51\/revisions\/563"}],"wp:attachment":[{"href":"https:\/\/www.laconciergeriederetz.fr\/index.php\/wp-json\/wp\/v2\/media?parent=51"}],"curies":[{"name":"wp","href":"https:\/\/api.w.org\/{rel}","templated":true}]}}