{"id":496,"date":"2025-02-19T13:03:40","date_gmt":"2025-02-19T13:03:40","guid":{"rendered":"https:\/\/www.laconciergeriederetz.fr\/?page_id=496"},"modified":"2025-03-18T17:45:47","modified_gmt":"2025-03-18T17:45:47","slug":"services","status":"publish","type":"page","link":"https:\/\/www.laconciergeriederetz.fr\/index.php\/services\/","title":{"rendered":"Services"},"content":{"rendered":"\t\t<div data-elementor-type=\"post\" data-elementor-id=\"496\" class=\"elementor elementor-496\" data-elementor-settings=\"[]\">\n\t\t\t<div class=\"elementor-inner\">\n\t\t\t\t<div class=\"elementor-section-wrap\">\n\t\t\t\t\t\t\t<section class=\"elementor-element elementor-element-c8c821a elementor-section-boxed elementor-section-height-default elementor-section-height-default elementor-section elementor-top-section\" data-id=\"c8c821a\" data-element_type=\"section\">\n\t\t\t\t\t\t<div class=\"elementor-container elementor-column-gap-default\">\n\t\t\t\t<div class=\"elementor-row\">\n\t\t\t\t<div class=\"elementor-element elementor-element-0ee37a2 elementor-column elementor-col-100 elementor-top-column\" data-id=\"0ee37a2\" data-element_type=\"column\">\n\t\t\t<div class=\"elementor-column-wrap  elementor-element-populated\">\n\t\t\t\t\t<div class=\"elementor-widget-wrap\">\n\t\t\t\t<div class=\"elementor-element elementor-element-356fdde elementor-widget elementor-widget-text-editor\" data-id=\"356fdde\" data-element_type=\"widget\" data-widget_type=\"text-editor.default\">\n\t\t\t\t<div class=\"elementor-widget-container\">\n\t\t\t\t\t<div class=\"elementor-text-editor elementor-clearfix\"><h2 style=\"text-align: center;\"><span style=\"color: #808080;\">La conciergerie de Retz vous propose les prestations suivantes :<\/span><\/h2><\/div>\n\t\t\t\t<\/div>\n\t\t\t\t<\/div>\n\t\t\t\t\t\t<\/div>\n\t\t\t<\/div>\n\t\t<\/div>\n\t\t\t\t\t\t<\/div>\n\t\t\t<\/div>\n\t\t<\/section>\n\t\t\t\t<section class=\"elementor-element elementor-element-68b54db elementor-section-boxed elementor-section-height-default elementor-section-height-default elementor-section elementor-top-section\" data-id=\"68b54db\" data-element_type=\"section\">\n\t\t\t\t\t\t<div class=\"elementor-container elementor-column-gap-default\">\n\t\t\t\t<div class=\"elementor-row\">\n\t\t\t\t<div class=\"elementor-element elementor-element-f5c9bee elementor-column elementor-col-33 elementor-top-column\" data-id=\"f5c9bee\" data-element_type=\"column\">\n\t\t\t<div class=\"elementor-column-wrap  elementor-element-populated\">\n\t\t\t\t\t<div class=\"elementor-widget-wrap\">\n\t\t\t\t<div class=\"elementor-element elementor-element-c554deb elementor-widget elementor-widget-image\" data-id=\"c554deb\" data-element_type=\"widget\" data-widget_type=\"image.default\">\n\t\t\t\t<div class=\"elementor-widget-container\">\n\t\t\t\t\t<div class=\"elementor-image\">\n\t\t\t\t\t\t\t\t\t\t<img width=\"678\" height=\"664\" src=\"https:\/\/www.laconciergeriederetz.fr\/wp-content\/uploads\/2025\/02\/ICON_LOCATION.webp\" class=\"attachment-1536x1536 size-1536x1536\" alt=\"\" decoding=\"async\" loading=\"lazy\" srcset=\"https:\/\/www.laconciergeriederetz.fr\/wp-content\/uploads\/2025\/02\/ICON_LOCATION.webp 678w, https:\/\/www.laconciergeriederetz.fr\/wp-content\/uploads\/2025\/02\/ICON_LOCATION-300x294.webp 300w\" sizes=\"(max-width: 678px) 100vw, 678px\" \/>\t\t\t\t\t\t\t\t\t\t\t<\/div>\n\t\t\t\t<\/div>\n\t\t\t\t<\/div>\n\t\t\t\t\t\t<\/div>\n\t\t\t<\/div>\n\t\t<\/div>\n\t\t\t\t<div class=\"elementor-element elementor-element-0f9bd67 elementor-column elementor-col-66 elementor-top-column\" data-id=\"0f9bd67\" data-element_type=\"column\">\n\t\t\t<div class=\"elementor-column-wrap  elementor-element-populated\">\n\t\t\t\t\t<div class=\"elementor-widget-wrap\">\n\t\t\t\t<div class=\"elementor-element elementor-element-a3e8f0d elementor-widget elementor-widget-text-editor\" data-id=\"a3e8f0d\" data-element_type=\"widget\" data-widget_type=\"text-editor.default\">\n\t\t\t\t<div class=\"elementor-widget-container\">\n\t\t\t\t\t<div class=\"elementor-text-editor elementor-clearfix\"><h3 class=\"wp-block-heading\">Vous louez votre bien?<\/h3><ul><li>Accueil, sortie, pr\u00e9sentation de la maison et \u00e9tat des lieux<\/li><li>M\u00e9nage<\/li><li>Gestion du linge<\/li><li>Solution de probl\u00e8mes \u00e9ventuels<\/li><\/ul><\/div>\n\t\t\t\t<\/div>\n\t\t\t\t<\/div>\n\t\t\t\t\t\t<\/div>\n\t\t\t<\/div>\n\t\t<\/div>\n\t\t\t\t\t\t<\/div>\n\t\t\t<\/div>\n\t\t<\/section>\n\t\t\t\t<section class=\"elementor-element elementor-element-01ccfeb elementor-section-boxed elementor-section-height-default elementor-section-height-default elementor-section elementor-top-section\" data-id=\"01ccfeb\" data-element_type=\"section\">\n\t\t\t\t\t\t<div class=\"elementor-container elementor-column-gap-default\">\n\t\t\t\t<div class=\"elementor-row\">\n\t\t\t\t<div class=\"elementor-element elementor-element-4d2bd65 elementor-column elementor-col-100 elementor-top-column\" data-id=\"4d2bd65\" data-element_type=\"column\">\n\t\t\t<div class=\"elementor-column-wrap  elementor-element-populated\">\n\t\t\t\t\t<div class=\"elementor-widget-wrap\">\n\t\t\t\t<div class=\"elementor-element elementor-element-b200d3f elementor-widget elementor-widget-divider\" data-id=\"b200d3f\" data-element_type=\"widget\" data-widget_type=\"divider.default\">\n\t\t\t\t<div class=\"elementor-widget-container\">\n\t\t\t\t\t<div class=\"elementor-divider\">\n\t\t\t<span class=\"elementor-divider-separator\"><\/span>\n\t\t<\/div>\n\t\t\t\t<\/div>\n\t\t\t\t<\/div>\n\t\t\t\t\t\t<\/div>\n\t\t\t<\/div>\n\t\t<\/div>\n\t\t\t\t\t\t<\/div>\n\t\t\t<\/div>\n\t\t<\/section>\n\t\t\t\t<section class=\"elementor-element elementor-element-418f1f7 elementor-section-boxed elementor-section-height-default elementor-section-height-default elementor-section elementor-top-section\" data-id=\"418f1f7\" data-element_type=\"section\">\n\t\t\t\t\t\t<div class=\"elementor-container elementor-column-gap-default\">\n\t\t\t\t<div class=\"elementor-row\">\n\t\t\t\t<div class=\"elementor-element elementor-element-314c92b elementor-column elementor-col-50 elementor-top-column\" data-id=\"314c92b\" data-element_type=\"column\">\n\t\t\t<div class=\"elementor-column-wrap  elementor-element-populated\">\n\t\t\t\t\t<div class=\"elementor-widget-wrap\">\n\t\t\t\t<div class=\"elementor-element elementor-element-94759dc elementor-widget elementor-widget-text-editor\" data-id=\"94759dc\" data-element_type=\"widget\" data-widget_type=\"text-editor.default\">\n\t\t\t\t<div class=\"elementor-widget-container\">\n\t\t\t\t\t<div class=\"elementor-text-editor elementor-clearfix\"><h3><span class=\"s2\">Vous s\u00e9journez dans votre bien?<\/span><\/h3><ul class=\"ul2\"><li class=\"li1\"><span class=\"s2\">Pr\u00e9paration de votre maison avant votre arriv\u00e9e : <\/span><span class=\"s2\">a\u00e9ration, <\/span>mise en route des appareils \u00e9lectriques, confection des lits, courses etc&#8230;<\/li><\/ul><\/div>\n\t\t\t\t<\/div>\n\t\t\t\t<\/div>\n\t\t\t\t\t\t<\/div>\n\t\t\t<\/div>\n\t\t<\/div>\n\t\t\t\t<div class=\"elementor-element elementor-element-42ebec8 elementor-column elementor-col-50 elementor-top-column\" data-id=\"42ebec8\" data-element_type=\"column\">\n\t\t\t<div class=\"elementor-column-wrap  elementor-element-populated\">\n\t\t\t\t\t<div class=\"elementor-widget-wrap\">\n\t\t\t\t<div class=\"elementor-element elementor-element-78e4f5a elementor-widget elementor-widget-image\" data-id=\"78e4f5a\" data-element_type=\"widget\" data-widget_type=\"image.default\">\n\t\t\t\t<div class=\"elementor-widget-container\">\n\t\t\t\t\t<div class=\"elementor-image\">\n\t\t\t\t\t\t\t\t\t\t<img width=\"993\" height=\"870\" src=\"https:\/\/www.laconciergeriederetz.fr\/wp-content\/uploads\/2025\/02\/ICON_VACANCE.webp\" class=\"attachment-large size-large\" alt=\"\" decoding=\"async\" loading=\"lazy\" srcset=\"https:\/\/www.laconciergeriederetz.fr\/wp-content\/uploads\/2025\/02\/ICON_VACANCE.webp 993w, https:\/\/www.laconciergeriederetz.fr\/wp-content\/uploads\/2025\/02\/ICON_VACANCE-300x263.webp 300w, https:\/\/www.laconciergeriederetz.fr\/wp-content\/uploads\/2025\/02\/ICON_VACANCE-768x673.webp 768w\" sizes=\"(max-width: 993px) 100vw, 993px\" \/>\t\t\t\t\t\t\t\t\t\t\t<\/div>\n\t\t\t\t<\/div>\n\t\t\t\t<\/div>\n\t\t\t\t\t\t<\/div>\n\t\t\t<\/div>\n\t\t<\/div>\n\t\t\t\t\t\t<\/div>\n\t\t\t<\/div>\n\t\t<\/section>\n\t\t\t\t<section class=\"elementor-element elementor-element-fe213ec elementor-section-boxed elementor-section-height-default elementor-section-height-default elementor-section elementor-top-section\" data-id=\"fe213ec\" data-element_type=\"section\">\n\t\t\t\t\t\t<div class=\"elementor-container elementor-column-gap-default\">\n\t\t\t\t<div class=\"elementor-row\">\n\t\t\t\t<div class=\"elementor-element elementor-element-db3d5ae elementor-column elementor-col-100 elementor-top-column\" data-id=\"db3d5ae\" data-element_type=\"column\">\n\t\t\t<div class=\"elementor-column-wrap  elementor-element-populated\">\n\t\t\t\t\t<div class=\"elementor-widget-wrap\">\n\t\t\t\t<div class=\"elementor-element elementor-element-29a7b61 elementor-widget elementor-widget-divider\" data-id=\"29a7b61\" data-element_type=\"widget\" data-widget_type=\"divider.default\">\n\t\t\t\t<div class=\"elementor-widget-container\">\n\t\t\t\t\t<div class=\"elementor-divider\">\n\t\t\t<span class=\"elementor-divider-separator\"><\/span>\n\t\t<\/div>\n\t\t\t\t<\/div>\n\t\t\t\t<\/div>\n\t\t\t\t\t\t<\/div>\n\t\t\t<\/div>\n\t\t<\/div>\n\t\t\t\t\t\t<\/div>\n\t\t\t<\/div>\n\t\t<\/section>\n\t\t\t\t<section class=\"elementor-element elementor-element-063123e elementor-section-boxed elementor-section-height-default elementor-section-height-default elementor-section elementor-top-section\" data-id=\"063123e\" data-element_type=\"section\">\n\t\t\t\t\t\t<div class=\"elementor-container elementor-column-gap-default\">\n\t\t\t\t<div class=\"elementor-row\">\n\t\t\t\t<div class=\"elementor-element elementor-element-0f5006f elementor-column elementor-col-50 elementor-top-column\" data-id=\"0f5006f\" data-element_type=\"column\">\n\t\t\t<div class=\"elementor-column-wrap  elementor-element-populated\">\n\t\t\t\t\t<div class=\"elementor-widget-wrap\">\n\t\t\t\t<div class=\"elementor-element elementor-element-dc6500f elementor-widget elementor-widget-image\" data-id=\"dc6500f\" data-element_type=\"widget\" data-widget_type=\"image.default\">\n\t\t\t\t<div class=\"elementor-widget-container\">\n\t\t\t\t\t<div class=\"elementor-image\">\n\t\t\t\t\t\t\t\t\t\t<img width=\"939\" height=\"885\" src=\"https:\/\/www.laconciergeriederetz.fr\/wp-content\/uploads\/2025\/02\/ICON_JUMELLE-1.webp\" class=\"attachment-large size-large\" alt=\"\" decoding=\"async\" loading=\"lazy\" srcset=\"https:\/\/www.laconciergeriederetz.fr\/wp-content\/uploads\/2025\/02\/ICON_JUMELLE-1.webp 939w, https:\/\/www.laconciergeriederetz.fr\/wp-content\/uploads\/2025\/02\/ICON_JUMELLE-1-300x283.webp 300w, https:\/\/www.laconciergeriederetz.fr\/wp-content\/uploads\/2025\/02\/ICON_JUMELLE-1-768x724.webp 768w\" sizes=\"(max-width: 939px) 100vw, 939px\" \/>\t\t\t\t\t\t\t\t\t\t\t<\/div>\n\t\t\t\t<\/div>\n\t\t\t\t<\/div>\n\t\t\t\t\t\t<\/div>\n\t\t\t<\/div>\n\t\t<\/div>\n\t\t\t\t<div class=\"elementor-element elementor-element-f376b7a elementor-column elementor-col-50 elementor-top-column\" data-id=\"f376b7a\" data-element_type=\"column\">\n\t\t\t<div class=\"elementor-column-wrap  elementor-element-populated\">\n\t\t\t\t\t<div class=\"elementor-widget-wrap\">\n\t\t\t\t<div class=\"elementor-element elementor-element-c9d49e7 elementor-widget elementor-widget-text-editor\" data-id=\"c9d49e7\" data-element_type=\"widget\" data-widget_type=\"text-editor.default\">\n\t\t\t\t<div class=\"elementor-widget-container\">\n\t\t\t\t\t<div class=\"elementor-text-editor elementor-clearfix\"><h3><span class=\"s2\">Votre bien n\u2019est pas occup\u00e9?<\/span><\/h3><ul class=\"ul2\"><li class=\"li1\"><span class=\"s2\">Surveillance<\/span><\/li><li class=\"li1\"><span class=\"s2\">Passage \u00e0 votre demande<\/span><\/li><li class=\"li1\"><span class=\"s2\">Collecte du courrier<\/span><\/li><li class=\"li2\"><span class=\"s2\">Accueil des artisans\u00a0<\/span><\/li><li class=\"li2\"><span class=\"s2\">R\u00e9ception colis<\/span><\/li><\/ul><\/div>\n\t\t\t\t<\/div>\n\t\t\t\t<\/div>\n\t\t\t\t\t\t<\/div>\n\t\t\t<\/div>\n\t\t<\/div>\n\t\t\t\t\t\t<\/div>\n\t\t\t<\/div>\n\t\t<\/section>\n\t\t\t\t<section class=\"elementor-element elementor-element-c009027 elementor-section-boxed elementor-section-height-default elementor-section-height-default elementor-section elementor-top-section\" data-id=\"c009027\" data-element_type=\"section\">\n\t\t\t\t\t\t<div class=\"elementor-container elementor-column-gap-default\">\n\t\t\t\t<div class=\"elementor-row\">\n\t\t\t\t<div class=\"elementor-element elementor-element-6801803 elementor-column elementor-col-100 elementor-top-column\" data-id=\"6801803\" data-element_type=\"column\">\n\t\t\t<div class=\"elementor-column-wrap  elementor-element-populated\">\n\t\t\t\t\t<div class=\"elementor-widget-wrap\">\n\t\t\t\t<div class=\"elementor-element elementor-element-71ace3b elementor-widget elementor-widget-text-editor\" data-id=\"71ace3b\" data-element_type=\"widget\" data-widget_type=\"text-editor.default\">\n\t\t\t\t<div class=\"elementor-widget-container\">\n\t\t\t\t\t<div class=\"elementor-text-editor elementor-clearfix\"><h5 style=\"text-align: center;\"><span style=\"color: #808080;\">Nous adaptons nos services \u00e0 votre maison et \u00e0 vos besoins. Si vous souhaitez\u00a0 connaitre nos tarifs, merci de nous contacter.<\/span><\/h5><div>\u00a0<\/div><\/div>\n\t\t\t\t<\/div>\n\t\t\t\t<\/div>\n\t\t\t\t\t\t<\/div>\n\t\t\t<\/div>\n\t\t<\/div>\n\t\t\t\t\t\t<\/div>\n\t\t\t<\/div>\n\t\t<\/section>\n\t\t\t\t<section class=\"elementor-element elementor-element-9f417ed elementor-section-boxed elementor-section-height-default elementor-section-height-default elementor-section elementor-top-section\" data-id=\"9f417ed\" data-element_type=\"section\">\n\t\t\t\t\t\t<div class=\"elementor-container elementor-column-gap-default\">\n\t\t\t\t<div class=\"elementor-row\">\n\t\t\t\t<div class=\"elementor-element elementor-element-469c6b3 elementor-column elementor-col-100 elementor-top-column\" data-id=\"469c6b3\" data-element_type=\"column\">\n\t\t\t<div class=\"elementor-column-wrap  elementor-element-populated\">\n\t\t\t\t\t<div class=\"elementor-widget-wrap\">\n\t\t\t\t<div class=\"elementor-element elementor-element-e63f28d elementor-view-default elementor-widget elementor-widget-icon\" data-id=\"e63f28d\" data-element_type=\"widget\" data-widget_type=\"icon.default\">\n\t\t\t\t<div class=\"elementor-widget-container\">\n\t\t\t\t\t<div class=\"elementor-icon-wrapper\">\n\t\t\t<div class=\"elementor-icon\">\n\t\t\t\t<i class=\"fa fa-envelope-o\" aria-hidden=\"true\"><\/i>\n\t\t\t<\/div>\n\t\t<\/div>\n\t\t\t\t<\/div>\n\t\t\t\t<\/div>\n\t\t\t\t\t\t<\/div>\n\t\t\t<\/div>\n\t\t<\/div>\n\t\t\t\t\t\t<\/div>\n\t\t\t<\/div>\n\t\t<\/section>\n\t\t\t\t<section class=\"elementor-element elementor-element-9897a94 elementor-section-boxed elementor-section-height-default elementor-section-height-default elementor-section elementor-top-section\" data-id=\"9897a94\" data-element_type=\"section\">\n\t\t\t\t\t\t<div class=\"elementor-container elementor-column-gap-default\">\n\t\t\t\t<div class=\"elementor-row\">\n\t\t\t\t<div class=\"elementor-element elementor-element-06ba14a elementor-column elementor-col-100 elementor-top-column\" data-id=\"06ba14a\" data-element_type=\"column\">\n\t\t\t<div class=\"elementor-column-wrap  elementor-element-populated\">\n\t\t\t\t\t<div class=\"elementor-widget-wrap\">\n\t\t\t\t<div class=\"elementor-element elementor-element-89bed62 elementor-widget elementor-widget-text-editor\" data-id=\"89bed62\" data-element_type=\"widget\" data-widget_type=\"text-editor.default\">\n\t\t\t\t<div class=\"elementor-widget-container\">\n\t\t\t\t\t<div class=\"elementor-text-editor elementor-clearfix\"><p style=\"text-align: center;\"><span style=\"color: #808080;\">contact@laconciergeriederetz.fr<\/span><\/p><\/div>\n\t\t\t\t<\/div>\n\t\t\t\t<\/div>\n\t\t\t\t\t\t<\/div>\n\t\t\t<\/div>\n\t\t<\/div>\n\t\t\t\t\t\t<\/div>\n\t\t\t<\/div>\n\t\t<\/section>\n\t\t\t\t<section class=\"elementor-element elementor-element-35c97e0 elementor-section-boxed elementor-section-height-default elementor-section-height-default elementor-section elementor-top-section\" data-id=\"35c97e0\" data-element_type=\"section\">\n\t\t\t\t\t\t<div class=\"elementor-container elementor-column-gap-default\">\n\t\t\t\t<div class=\"elementor-row\">\n\t\t\t\t<div class=\"elementor-element elementor-element-9ebde3f elementor-column elementor-col-100 elementor-top-column\" data-id=\"9ebde3f\" data-element_type=\"column\">\n\t\t\t<div class=\"elementor-column-wrap  elementor-element-populated\">\n\t\t\t\t\t<div class=\"elementor-widget-wrap\">\n\t\t\t\t<div class=\"elementor-element elementor-element-61eea19 elementor-widget elementor-widget-image\" data-id=\"61eea19\" data-element_type=\"widget\" data-widget_type=\"image.default\">\n\t\t\t\t<div class=\"elementor-widget-container\">\n\t\t\t\t\t<div class=\"elementor-image\">\n\t\t\t\t\t\t\t\t\t\t<img width=\"1786\" height=\"518\" src=\"https:\/\/www.laconciergeriederetz.fr\/wp-content\/uploads\/2025\/03\/Capture-de\u0301cran-2025-03-17-a\u0300-15.02.46.png\" class=\"attachment-full size-full\" alt=\"\" decoding=\"async\" loading=\"lazy\" srcset=\"https:\/\/www.laconciergeriederetz.fr\/wp-content\/uploads\/2025\/03\/Capture-de\u0301cran-2025-03-17-a\u0300-15.02.46.png 1786w, https:\/\/www.laconciergeriederetz.fr\/wp-content\/uploads\/2025\/03\/Capture-de\u0301cran-2025-03-17-a\u0300-15.02.46-300x87.png 300w, https:\/\/www.laconciergeriederetz.fr\/wp-content\/uploads\/2025\/03\/Capture-de\u0301cran-2025-03-17-a\u0300-15.02.46-1024x297.png 1024w, https:\/\/www.laconciergeriederetz.fr\/wp-content\/uploads\/2025\/03\/Capture-de\u0301cran-2025-03-17-a\u0300-15.02.46-768x223.png 768w, https:\/\/www.laconciergeriederetz.fr\/wp-content\/uploads\/2025\/03\/Capture-de\u0301cran-2025-03-17-a\u0300-15.02.46-1536x445.png 1536w\" sizes=\"(max-width: 1786px) 100vw, 1786px\" \/>\t\t\t\t\t\t\t\t\t\t\t<\/div>\n\t\t\t\t<\/div>\n\t\t\t\t<\/div>\n\t\t\t\t\t\t<\/div>\n\t\t\t<\/div>\n\t\t<\/div>\n\t\t\t\t\t\t<\/div>\n\t\t\t<\/div>\n\t\t<\/section>\n\t\t\t\t\t\t<\/div>\n\t\t\t<\/div>\n\t\t<\/div>\n\t\t","protected":false},"excerpt":{"rendered":"<p>La conciergerie de Retz vous propose les prestations suivantes : Vous louez votre bien? Accueil, sortie, pr\u00e9sentation de la maison et \u00e9tat des lieux M\u00e9nage Gestion du linge Solution de probl\u00e8mes \u00e9ventuels Vous s\u00e9journez dans votre bien? Pr\u00e9paration de votre maison avant votre arriv\u00e9e : a\u00e9ration, mise en route des appareils \u00e9lectriques, confection des lits, [&hellip;]<\/p>\n","protected":false},"author":1,"featured_media":0,"parent":0,"menu_order":0,"comment_status":"closed","ping_status":"closed","template":"","meta":[],"aioseo_notices":[],"_links":{"self":[{"href":"https:\/\/www.laconciergeriederetz.fr\/index.php\/wp-json\/wp\/v2\/pages\/496"}],"collection":[{"href":"https:\/\/www.laconciergeriederetz.fr\/index.php\/wp-json\/wp\/v2\/pages"}],"about":[{"href":"https:\/\/www.laconciergeriederetz.fr\/index.php\/wp-json\/wp\/v2\/types\/page"}],"author":[{"embeddable":true,"href":"https:\/\/www.laconciergeriederetz.fr\/index.php\/wp-json\/wp\/v2\/users\/1"}],"replies":[{"embeddable":true,"href":"https:\/\/www.laconciergeriederetz.fr\/index.php\/wp-json\/wp\/v2\/comments?post=496"}],"version-history":[{"count":20,"href":"https:\/\/www.laconciergeriederetz.fr\/index.php\/wp-json\/wp\/v2\/pages\/496\/revisions"}],"predecessor-version":[{"id":623,"href":"https:\/\/www.laconciergeriederetz.fr\/index.php\/wp-json\/wp\/v2\/pages\/496\/revisions\/623"}],"wp:attachment":[{"href":"https:\/\/www.laconciergeriederetz.fr\/index.php\/wp-json\/wp\/v2\/media?parent=496"}],"curies":[{"name":"wp","href":"https:\/\/api.w.org\/{rel}","templated":true}]}}